{"id":175,"date":"2021-06-10T11:23:41","date_gmt":"2021-06-10T09:23:41","guid":{"rendered":"https:\/\/www.bianqueta.com\/politica-de-privadesa\/"},"modified":"2021-07-14T10:05:20","modified_gmt":"2021-07-14T08:05:20","slug":"aviso-legal","status":"publish","type":"page","link":"https:\/\/www.bianqueta.com\/es\/aviso-legal\/","title":{"rendered":"Aviso legal"},"content":{"rendered":"\n<h1 class=\"wp-block-heading\">Aviso legal<\/h1>\n\n\n\n<h2 class=\"wp-block-heading\">Titularidad<\/h2>\n\n\n\n<p>Este sitio web es propiedad de ALIMENTS PER LA BIODIVERSITAT, S.L. (en adelante BIANQUETA) con domicilio social en PASSEIG SUNYER N\u00ba11, PISO 2 PUERTA 2, 43205 Reus, Tarragona, con CIF B55723167. Para consulta o mas informaci\u00f3n puedes contactarnos a trav\u00e9s de la siguiente direcci\u00f3n de correo electr\u00f3nico: comanda@bianqueta.com, o por correo postal a nuestra direcci\u00f3n social, o al tel\u00e9fono&nbsp;605666050.<\/p>\n\n\n\n<h2 class=\"wp-block-heading\">Qu\u00e9 datos personales recogemos y por qu\u00e9 los recogemos<\/h2>\n\n\n\n<h2 class=\"wp-block-heading\">Formularios de contacto<\/h2>\n\n\n\n<p>BIANQUETA ofrece la posibilidad de contactar con ella a trav\u00e9s de formularios incluidos en la p\u00e1gina web. En cumplimiento de lo establecido en el Reglamento General de Protecci\u00f3n de datos (Reglamento (UE) 2016\/679) , informamos que los datos proporcionados ser\u00e1n incorporados a un fichero cuyo responsable es Riet Vell. Dichos formularios se cumplimentan de manera libre y voluntaria, de manera que los datos habr\u00e1n de ser ciertos y ajustados a la realidad. La finalidad del tratamiento de los datos recibidos ser\u00e1 la de gestionar las relaciones comerciales, jur\u00eddicas o contractuales que puedan vincular al usuario con Riet Vell. Es posible que el USUARIO reciba informaciones concernientes a los servicios y actividades de Riet Vell a trav\u00e9s del correo electr\u00f3nico u otros medios, para lo cual el USUARIO otorga su consentimiento, que podr\u00e1 ser revocado en cualquier momento. El usuario tiene derecho a:<\/p>\n\n\n\n<ul class=\"wp-block-list\"><li>acceder a sus datos personales,<\/li><li>solicitar la rectificaci\u00f3n de los datos personales que sean inexactos<\/li><li>solicitar su supresi\u00f3n cuando, entre otros motivos, ya no sean necesarios para los fines que fueron recogidos,<\/li><li>solicitar la limitaci\u00f3n de su tratamiento, en cuyo caso \u00fanicamente se conservar\u00e1n para el ejercicio o la defensa de reclamaciones,<\/li><li>pedir la portabilidad de sus datos.<\/li><\/ul>\n\n\n\n<p>El usuario podr\u00e1 revocar los consentimientos prestados en cualquier momento dirigi\u00e9ndose a ALIMENTS PER LA BIODIVERSITAT, S.L, bien en sus oficinas centrales, en el correo electr\u00f3nico comanda@bianqueta.com o en el tel\u00e9fono 605666050<\/p>\n\n\n\n<p>BIANQUETA garantiza la seguridad y confidencialidad de los datos facilitados por cada USUARIO, y los datos no se ceder\u00e1n a terceros salvo en los casos en que exista una obligaci\u00f3n legal.<\/p>\n\n\n\n<h2 class=\"wp-block-heading\">Cookies<\/h2>\n\n\n\n<p>Si creas una cuenta en la tienda on-line de nuestro sitio puedes elegir guardar tu nombre, direcci\u00f3n de correo electr\u00f3nico y web en cookies. Esto es para tu comodidad, para que no tengas que volver a rellenar tus datos cuando hagas otra compra. Estas cookies tendr\u00e1n una duraci\u00f3n de un a\u00f1o.<\/p>\n\n\n\n<p>Si tienes una cuenta y te conectas a este sitio, instalaremos una cookie temporal para determinar si tu navegador acepta cookies. Esta cookie no contiene datos personales y se elimina al cerrar el navegador.<\/p>\n\n\n\n<p>Cuando inicias sesi\u00f3n, tambi\u00e9n instalaremos varias cookies para guardar tu informaci\u00f3n de inicio de sesi\u00f3n y tus opciones de visualizaci\u00f3n de pantalla. Las cookies de inicio de sesi\u00f3n duran dos d\u00edas, y las cookies de opciones de pantalla duran un a\u00f1o. Si seleccionas \u00abRecordarme\u00bb, tu inicio de sesi\u00f3n perdurar\u00e1 durante dos semanas. Si sales de tu cuenta, las cookies de inicio de sesi\u00f3n se eliminar\u00e1n.<\/p>\n\n\n\n<h2 class=\"wp-block-heading\">Anal\u00edtica<\/h2>\n\n\n\n<p>La aplicaci\u00f3n que utilizamos para obtener y analizar la informaci\u00f3n de la navegaci\u00f3n es: Google Analytics, www.google.com\/analytics\/ y http:\/\/www.google.es\/intl\/es\/analytics\/privacyoverview.html<br>Esta aplicaci\u00f3n ha sido desarrollada por Google, que nos presta el servicio de an\u00e1lisis de la audiencia de nuestra p\u00e1gina. Esta empresa puede utilizar estos datos para mejorar sus propios servicios y para ofrecer servicios a otras empresas. Puedes conocer esos otros usos desde los enlaces indicados.<\/p>\n\n\n\n<h2 class=\"wp-block-heading\">Cu\u00e1nto tiempo conservamos tus datos<\/h2>\n\n\n\n<p>De los usuarios que se registran en nuestra web (si los hay), almacenamos la informaci\u00f3n personal que proporcionan en su perfil de usuario. Todos los usuarios pueden ver, editar o eliminar su informaci\u00f3n personal en cualquier momento (excepto su nombre de usuario, que no puede ser modificado). Los administradores de la web tambi\u00e9n pueden ver y editar esa informaci\u00f3n.<\/p>\n\n\n\n<h2 class=\"wp-block-heading\">Qu\u00e9 derechos tienes sobre tus datos<\/h2>\n\n\n\n<p>Si tienes una cuenta o has dejado tus datos en esta web, puedes solicitar recibir un archivo de exportaci\u00f3n de los datos personales que tenemos sobre ti, incluyendo cualquier dato que nos hayas proporcionado. Tambi\u00e9n puedes solicitar que eliminemos o modifiquemos cualquier dato personal que tengamos sobre ti. Esto no incluye ning\u00fan dato que estemos obligados a conservar con fines administrativos, legales o de seguridad.<\/p>\n\n\n\n<h2 class=\"wp-block-heading\">Seguridad<\/h2>\n\n\n\n<p>El sitio web utiliza t\u00e9cnicas de seguridad de la informaci\u00f3n generalmente aceptada en la industria, tales como firewalls, procedimientos de control de acceso y mecanismos criptogr\u00e1ficos, todo ello con el objeto de evitar el acceso no autorizado de datos. Para lograr estos fines, el usuario\/cliente acepta que el prestador obtenga datos para efecto de la correspondiente autenticaci\u00f3n de los controles de acceso. Todo el proceso de compra realizado en este sitio web se transmite a trav\u00e9s de un protocolo de comunicaci\u00f3n seguro (HTTPS:\/\/) de forma que ning\u00fan tercero tiene acceso a la informaci\u00f3n transmitida electr\u00f3nicamente.<\/p>\n\n\n\n<h2 class=\"wp-block-heading\">Pol\u00edtica de devoluciones y cambios<\/h2>\n\n\n\n<p>Para la realizaci\u00f3n de devoluciones o cambios de art\u00edculos adquiridos desde esta p\u00e1gina web, se debe de contactar con BIANQUETA por cualquiera de los siguientes procedimientos: por tel\u00e9fono llamando al 605666050 o escribiendo un correo electr\u00f3nico a comanda@bianqueta.com<\/p>\n","protected":false},"excerpt":{"rendered":"<p>Aviso legal Titularidad Este sitio web es propiedad de ALIMENTS PER LA BIODIVERSITAT, S.L. (en adelante BIANQUETA) con domicilio social en PASSEIG SUNYER N\u00ba11, PISO 2 PUERTA 2, 43205 Reus, Tarragona, con CIF B55723167. Para consulta o mas informaci\u00f3n puedes contactarnos a trav\u00e9s de la siguiente direcci\u00f3n de correo electr\u00f3nico: comanda@bianqueta.com, o por correo postal [&hellip;]<\/p>\n","protected":false},"author":1,"featured_media":0,"parent":0,"menu_order":0,"comment_status":"closed","ping_status":"open","template":"","meta":{"ocean_post_layout":"full-width","ocean_both_sidebars_style":"","ocean_both_sidebars_content_width":0,"ocean_both_sidebars_sidebars_width":0,"ocean_sidebar":"0","ocean_second_sidebar":"0","ocean_disable_margins":"enable","ocean_add_body_class":"","ocean_shortcode_before_top_bar":"","ocean_shortcode_after_top_bar":"","ocean_shortcode_before_header":"","ocean_shortcode_after_header":"","ocean_has_shortcode":"","ocean_shortcode_after_title":"","ocean_shortcode_before_footer_widgets":"","ocean_shortcode_after_footer_widgets":"","ocean_shortcode_before_footer_bottom":"","ocean_shortcode_after_footer_bottom":"","ocean_display_top_bar":"default","ocean_display_header":"default","ocean_header_style":"","ocean_center_header_left_menu":"0","ocean_custom_header_template":"0","ocean_custom_logo":0,"ocean_custom_retina_logo":0,"ocean_custom_logo_max_width":0,"ocean_custom_logo_tablet_max_width":0,"ocean_custom_logo_mobile_max_width":0,"ocean_custom_logo_max_height":0,"ocean_custom_logo_tablet_max_height":0,"ocean_custom_logo_mobile_max_height":0,"ocean_header_custom_menu":"0","ocean_menu_typo_font_family":"0","ocean_menu_typo_font_subset":"","ocean_menu_typo_font_size":0,"ocean_menu_typo_font_size_tablet":0,"ocean_menu_typo_font_size_mobile":0,"ocean_menu_typo_font_size_unit":"px","ocean_menu_typo_font_weight":"","ocean_menu_typo_font_weight_tablet":"","ocean_menu_typo_font_weight_mobile":"","ocean_menu_typo_transform":"","ocean_menu_typo_transform_tablet":"","ocean_menu_typo_transform_mobile":"","ocean_menu_typo_line_height":0,"ocean_menu_typo_line_height_tablet":0,"ocean_menu_typo_line_height_mobile":0,"ocean_menu_typo_line_height_unit":"","ocean_menu_typo_spacing":0,"ocean_menu_typo_spacing_tablet":0,"ocean_menu_typo_spacing_mobile":0,"ocean_menu_typo_spacing_unit":"","ocean_menu_link_color":"","ocean_menu_link_color_hover":"","ocean_menu_link_color_active":"","ocean_menu_link_background":"","ocean_menu_link_hover_background":"","ocean_menu_link_active_background":"","ocean_menu_social_links_bg":"","ocean_menu_social_hover_links_bg":"","ocean_menu_social_links_color":"","ocean_menu_social_hover_links_color":"","ocean_disable_title":"default","ocean_disable_heading":"default","ocean_post_title":"","ocean_post_subheading":"","ocean_post_title_style":"","ocean_post_title_background_color":"","ocean_post_title_background":0,"ocean_post_title_bg_image_position":"","ocean_post_title_bg_image_attachment":"","ocean_post_title_bg_image_repeat":"","ocean_post_title_bg_image_size":"","ocean_post_title_height":0,"ocean_post_title_bg_overlay":0.5,"ocean_post_title_bg_overlay_color":"","ocean_disable_breadcrumbs":"default","ocean_breadcrumbs_color":"","ocean_breadcrumbs_separator_color":"","ocean_breadcrumbs_links_color":"","ocean_breadcrumbs_links_hover_color":"","ocean_display_footer_widgets":"default","ocean_display_footer_bottom":"default","ocean_custom_footer_template":"0","footnotes":""},"class_list":["post-175","page","type-page","status-publish","hentry","entry","owp-thumbs-layout-horizontal","owp-btn-normal","owp-tabs-layout-horizontal","has-no-thumbnails"],"yoast_head":"<!-- This site is optimized with the Yoast SEO plugin v26.8 - https:\/\/yoast.com\/product\/yoast-seo-wordpress\/ -->\n<title>Aviso legal - Bianqueta<\/title>\n<meta name=\"robots\" content=\"index, follow, max-snippet:-1, max-image-preview:large, max-video-preview:-1\" \/>\n<link rel=\"canonical\" href=\"https:\/\/www.bianqueta.com\/es\/aviso-legal\/\" \/>\n<meta property=\"og:locale\" content=\"es_ES\" \/>\n<meta property=\"og:type\" content=\"article\" \/>\n<meta property=\"og:title\" content=\"Aviso legal - Bianqueta\" \/>\n<meta property=\"og:description\" content=\"Aviso legal Titularidad Este sitio web es propiedad de ALIMENTS PER LA BIODIVERSITAT, S.L. (en adelante BIANQUETA) con domicilio social en PASSEIG SUNYER N\u00ba11, PISO 2 PUERTA 2, 43205 Reus, Tarragona, con CIF B55723167. Para consulta o mas informaci\u00f3n puedes contactarnos a trav\u00e9s de la siguiente direcci\u00f3n de correo electr\u00f3nico: comanda@bianqueta.com, o por correo postal [&hellip;]\" \/>\n<meta property=\"og:url\" content=\"https:\/\/www.bianqueta.com\/es\/aviso-legal\/\" \/>\n<meta property=\"og:site_name\" content=\"Bianqueta\" \/>\n<meta property=\"article:modified_time\" content=\"2021-07-14T08:05:20+00:00\" \/>\n<meta name=\"twitter:card\" content=\"summary_large_image\" \/>\n<meta name=\"twitter:label1\" content=\"Tiempo de lectura\" \/>\n\t<meta name=\"twitter:data1\" content=\"4 minutos\" \/>\n<script type=\"application\/ld+json\" class=\"yoast-schema-graph\">{\"@context\":\"https:\/\/schema.org\",\"@graph\":[{\"@type\":\"WebPage\",\"@id\":\"https:\/\/www.bianqueta.com\/es\/aviso-legal\/\",\"url\":\"https:\/\/www.bianqueta.com\/es\/aviso-legal\/\",\"name\":\"Aviso legal - Bianqueta\",\"isPartOf\":{\"@id\":\"https:\/\/www.bianqueta.com\/#website\"},\"datePublished\":\"2021-06-10T09:23:41+00:00\",\"dateModified\":\"2021-07-14T08:05:20+00:00\",\"breadcrumb\":{\"@id\":\"https:\/\/www.bianqueta.com\/es\/aviso-legal\/#breadcrumb\"},\"inLanguage\":\"es\",\"potentialAction\":[{\"@type\":\"ReadAction\",\"target\":[\"https:\/\/www.bianqueta.com\/es\/aviso-legal\/\"]}]},{\"@type\":\"BreadcrumbList\",\"@id\":\"https:\/\/www.bianqueta.com\/es\/aviso-legal\/#breadcrumb\",\"itemListElement\":[{\"@type\":\"ListItem\",\"position\":1,\"name\":\"Inici\",\"item\":\"https:\/\/www.bianqueta.com\/es\/\"},{\"@type\":\"ListItem\",\"position\":2,\"name\":\"Aviso legal\"}]},{\"@type\":\"WebSite\",\"@id\":\"https:\/\/www.bianqueta.com\/#website\",\"url\":\"https:\/\/www.bianqueta.com\/\",\"name\":\"Bianqueta\",\"description\":\"Comprar productes ecol\u00f2gics i compromesos amb la biodiversitat\",\"publisher\":{\"@id\":\"https:\/\/www.bianqueta.com\/#organization\"},\"potentialAction\":[{\"@type\":\"SearchAction\",\"target\":{\"@type\":\"EntryPoint\",\"urlTemplate\":\"https:\/\/www.bianqueta.com\/?s={search_term_string}\"},\"query-input\":{\"@type\":\"PropertyValueSpecification\",\"valueRequired\":true,\"valueName\":\"search_term_string\"}}],\"inLanguage\":\"es\"},{\"@type\":\"Organization\",\"@id\":\"https:\/\/www.bianqueta.com\/#organization\",\"name\":\"Bianqueta - Aliments par la biodiversitat, S.L.\",\"url\":\"https:\/\/www.bianqueta.com\/\",\"logo\":{\"@type\":\"ImageObject\",\"inLanguage\":\"es\",\"@id\":\"https:\/\/www.bianqueta.com\/#\/schema\/logo\/image\/\",\"url\":\"https:\/\/www.bianqueta.com\/wp-content\/uploads\/2021\/06\/bianqueta-retina.png\",\"contentUrl\":\"https:\/\/www.bianqueta.com\/wp-content\/uploads\/2021\/06\/bianqueta-retina.png\",\"width\":350,\"height\":70,\"caption\":\"Bianqueta - Aliments par la biodiversitat, S.L.\"},\"image\":{\"@id\":\"https:\/\/www.bianqueta.com\/#\/schema\/logo\/image\/\"}}]}<\/script>\n<!-- \/ Yoast SEO plugin. -->","yoast_head_json":{"title":"Aviso legal - Bianqueta","robots":{"index":"index","follow":"follow","max-snippet":"max-snippet:-1","max-image-preview":"max-image-preview:large","max-video-preview":"max-video-preview:-1"},"canonical":"https:\/\/www.bianqueta.com\/es\/aviso-legal\/","og_locale":"es_ES","og_type":"article","og_title":"Aviso legal - Bianqueta","og_description":"Aviso legal Titularidad Este sitio web es propiedad de ALIMENTS PER LA BIODIVERSITAT, S.L. (en adelante BIANQUETA) con domicilio social en PASSEIG SUNYER N\u00ba11, PISO 2 PUERTA 2, 43205 Reus, Tarragona, con CIF B55723167. Para consulta o mas informaci\u00f3n puedes contactarnos a trav\u00e9s de la siguiente direcci\u00f3n de correo electr\u00f3nico: comanda@bianqueta.com, o por correo postal [&hellip;]","og_url":"https:\/\/www.bianqueta.com\/es\/aviso-legal\/","og_site_name":"Bianqueta","article_modified_time":"2021-07-14T08:05:20+00:00","twitter_card":"summary_large_image","twitter_misc":{"Tiempo de lectura":"4 minutos"},"schema":{"@context":"https:\/\/schema.org","@graph":[{"@type":"WebPage","@id":"https:\/\/www.bianqueta.com\/es\/aviso-legal\/","url":"https:\/\/www.bianqueta.com\/es\/aviso-legal\/","name":"Aviso legal - Bianqueta","isPartOf":{"@id":"https:\/\/www.bianqueta.com\/#website"},"datePublished":"2021-06-10T09:23:41+00:00","dateModified":"2021-07-14T08:05:20+00:00","breadcrumb":{"@id":"https:\/\/www.bianqueta.com\/es\/aviso-legal\/#breadcrumb"},"inLanguage":"es","potentialAction":[{"@type":"ReadAction","target":["https:\/\/www.bianqueta.com\/es\/aviso-legal\/"]}]},{"@type":"BreadcrumbList","@id":"https:\/\/www.bianqueta.com\/es\/aviso-legal\/#breadcrumb","itemListElement":[{"@type":"ListItem","position":1,"name":"Inici","item":"https:\/\/www.bianqueta.com\/es\/"},{"@type":"ListItem","position":2,"name":"Aviso legal"}]},{"@type":"WebSite","@id":"https:\/\/www.bianqueta.com\/#website","url":"https:\/\/www.bianqueta.com\/","name":"Bianqueta","description":"Comprar productes ecol\u00f2gics i compromesos amb la biodiversitat","publisher":{"@id":"https:\/\/www.bianqueta.com\/#organization"},"potentialAction":[{"@type":"SearchAction","target":{"@type":"EntryPoint","urlTemplate":"https:\/\/www.bianqueta.com\/?s={search_term_string}"},"query-input":{"@type":"PropertyValueSpecification","valueRequired":true,"valueName":"search_term_string"}}],"inLanguage":"es"},{"@type":"Organization","@id":"https:\/\/www.bianqueta.com\/#organization","name":"Bianqueta - Aliments par la biodiversitat, S.L.","url":"https:\/\/www.bianqueta.com\/","logo":{"@type":"ImageObject","inLanguage":"es","@id":"https:\/\/www.bianqueta.com\/#\/schema\/logo\/image\/","url":"https:\/\/www.bianqueta.com\/wp-content\/uploads\/2021\/06\/bianqueta-retina.png","contentUrl":"https:\/\/www.bianqueta.com\/wp-content\/uploads\/2021\/06\/bianqueta-retina.png","width":350,"height":70,"caption":"Bianqueta - Aliments par la biodiversitat, S.L."},"image":{"@id":"https:\/\/www.bianqueta.com\/#\/schema\/logo\/image\/"}}]}},"_links":{"self":[{"href":"https:\/\/www.bianqueta.com\/es\/wp-json\/wp\/v2\/pages\/175","targetHints":{"allow":["GET"]}}],"collection":[{"href":"https:\/\/www.bianqueta.com\/es\/wp-json\/wp\/v2\/pages"}],"about":[{"href":"https:\/\/www.bianqueta.com\/es\/wp-json\/wp\/v2\/types\/page"}],"author":[{"embeddable":true,"href":"https:\/\/www.bianqueta.com\/es\/wp-json\/wp\/v2\/users\/1"}],"replies":[{"embeddable":true,"href":"https:\/\/www.bianqueta.com\/es\/wp-json\/wp\/v2\/comments?post=175"}],"version-history":[{"count":2,"href":"https:\/\/www.bianqueta.com\/es\/wp-json\/wp\/v2\/pages\/175\/revisions"}],"predecessor-version":[{"id":180,"href":"https:\/\/www.bianqueta.com\/es\/wp-json\/wp\/v2\/pages\/175\/revisions\/180"}],"wp:attachment":[{"href":"https:\/\/www.bianqueta.com\/es\/wp-json\/wp\/v2\/media?parent=175"}],"curies":[{"name":"wp","href":"https:\/\/api.w.org\/{rel}","templated":true}]}}