{"id":405,"date":"2021-07-16T10:00:55","date_gmt":"2021-07-16T08:00:55","guid":{"rendered":"https:\/\/www.bianqueta.com\/condicions-de-compra\/"},"modified":"2021-07-19T19:38:33","modified_gmt":"2021-07-19T17:38:33","slug":"condiciones-de-compra","status":"publish","type":"page","link":"https:\/\/www.bianqueta.com\/es\/condiciones-de-compra\/","title":{"rendered":"Condiciones de compra"},"content":{"rendered":"\n<h1 class=\"wp-block-heading\"><strong>Condiciones de compra<\/strong><\/h1>\n\n\n\n<ul class=\"wp-block-list\"><li>V\u00e1lidas para env\u00edos a la pen\u00ednsula. Para env\u00edos a Baleares. Resto de destinos consultar en comanda@bianqueta.com<\/li><li>Pedido m\u00ednimo 45\u20ac.<\/li><li>Gastos de gesti\u00f3n y env\u00edo 10,50 euros para pedidos de menos de 45\u20ac.<\/li><li>Env\u00edo gratuito para compras de m\u00e1s de 45\u20ac.<\/li><li>5% dto. para compras de m\u00e1s de 70\u20ac.<\/li><li>Consultar descuentos para pedidos de mayor volumen.<\/li><\/ul>\n\n\n\n<p><strong>Env\u00edos, Pedidos, precio y costes de env\u00edo<\/strong><\/p>\n\n\n\n<p>El tiempo de entrega suele oscilar de 2 a 5 d\u00edas h\u00e1biles, cuando realizas tu pedido antes de las 12h del d\u00eda en cuesti\u00f3n,&nbsp;con la \u00fanica salvedad de aquellos cuyo medio de pago elegido sea la transferencia bancaria, en los que el pedido ser\u00e1 incluido el d\u00eda en que se reciba el importe del mismo (indicado el n\u00famero de pedido en el concepto) en la cuenta corriente de la compa\u00f1\u00eda.<\/p>\n\n\n\n<p>Los costes de env\u00edo son gratuitos (0 euros) a partir de 45,00\u20ac de compra para la&nbsp;<strong>pen\u00ednsula ib\u00e9rica&nbsp;<\/strong>y las Islas Baleares.<\/p>\n\n\n\n<p><strong>Entrega<\/strong><\/p>\n\n\n\n<p>El transporte de los art\u00edculos comprados en www.bianqueta.com se realizar\u00e1 a trav\u00e9s de una empresa externa de mensajer\u00eda. Los plazos de entrega(24-72 horas), sin perjuicio de que puedan variar en funci\u00f3n de las circunstancias concretas de cada pedido o destino, como la disponibilidad del producto escogido o la zona de env\u00edo.<\/p>\n\n\n\n<p><strong>En localidades alejadas de la capital de provincia, pueden verse afectados los plazos de entrega por no tener reparto diario.<\/strong><\/p>\n\n\n\n<p>Para evitar incidencias en la entrega (direcciones err\u00f3neas, imposibilidad de encontrar a un cliente en el domicilio, etc.), es indispensable cumplimentar correctamente el correspondiente formulario siendo obligatorio rellenar la casilla relativa a los tel\u00e9fonos de contacto.<\/p>\n\n\n\n<p>Los gastos de env\u00edo se calcular\u00e1n en funci\u00f3n de las caracter\u00edsticas de los productos de cada pedido.<\/p>\n\n\n\n<p>Todos los importes de los productos de nuestra web incluyen el I.V.A<\/p>\n\n\n\n<p>Los usuarios tienen la posibilidad de realizar todos sus pedidos desde la p\u00e1gina de Internet: www.bianqueta.com. Cada usuario de Bianqueta se declara con plena capacidad para utilizar tarjetas de cr\u00e9dito, y manifiesta que las mismas tienen fondos suficientes para cubrir todos los costes que resultan de la compra de productos a trav\u00e9s de www.bianqueta.com.<\/p>\n\n\n\n<p>Al presionar el bot\u00f3n \u00abPagar\u00bb durante el proceso de compra, el usuario declara aceptar plenamente y sin reservas la totalidad de los presentes T\u00e9rminos y Condiciones.<\/p>\n\n\n\n<p>Los datos registrados por Bianqueta constituyen la prueba de las transacciones hechas entre Merkabio.com y los usuarios. Bianqueta confirmar\u00e1 su pedido a trav\u00e9s del env\u00edo de un correo electr\u00f3nico.&nbsp;<\/p>\n\n\n\n<p>Bianqueta se reserva el derecho a modificar sus precios en cualquier momento, pero los productos se facturar\u00e1n sobre la base de las tarifas en vigor en el momento del registro de los pedidos (a reserva de la disponibilidad que haya del producto).<\/p>\n\n\n\n<p>Bianqueta se reserva el derecho a rechazar un pedido de cualquier usuario con el que tenga un litigio.<\/p>\n\n\n\n<p>Bianqueta har\u00e1 todo lo posible para entregar en tiempo y forma especificados durante el proceso de compra.<\/p>\n\n\n\n<p>La responsabilidad de Bianqueta queda limitada en casos de fuerza mayor (huelgas, fen\u00f3menos climatol\u00f3gicos adversos que impidan el tr\u00e1fico normal por tierra, mar o aire,\u2026). Entreg\u00e1ndose dichos pedidos afectados los pedidos lo antes posible.<\/p>\n\n\n\n<p>Cada vez que se vaya a enviar un pedido, el comprador recibir\u00e1 un correo electr\u00f3nico tras el pago de la compra.<\/p>\n\n\n\n<p>El pedido de compra que corresponde al pedido estar\u00e1 disponible en Bianqueta, una vez que se confirme el pago, a partir de la emisi\u00f3n del correo electr\u00f3nico. Este pedido de compra original incluye el IVA.<\/p>\n\n\n\n<p>Bianqueta pedir\u00e1 al usuario que elija el lugar de la entrega, debiendo especificar su domicilio, oficina o centro donde quieren que se le entregue el producto, adem\u00e1s del tel\u00e9fono de contacto en el caso de que hubiera alguna incidencia con la entrega.<\/p>\n\n\n\n<p>Cada entrega se considera efectuada a partir de la puesta a disposici\u00f3n del producto por parte del transportista al cliente en el lugar se\u00f1alado por \u00e9l para la entrega del pedido en el momento de su contrataci\u00f3n, materializado por el sistema de control utilizado por el transportista.<\/p>\n\n\n\n<p>Las reclamaciones deben ir dirigidas a Bianqueta por correo electr\u00f3nico a comanda@bianqueta.com&nbsp; En caso de que su paquete llegue roto, mojado, reprecintado o crea que puede estar da\u00f1ado su contenido, es importante que en un plazo de 24 horas a partir de la recepci\u00f3n de la mercanc\u00eda, lo haga constar en el albar\u00e1n del transportista en el momento de la entrega, y nos indique la incidencia por email a la direcci\u00f3n comanda@bianqueta.com o bien llamando al 605666050 en horario de atenci\u00f3n al cliente. En este sentido, Bianqueta&nbsp; repondr\u00e1 los productos con incidencia o reembolsar\u00e1 el importe de aquellos productos afectados por una rotura o incidencia acontecida durante el proceso de transporte como por ejemplo una p\u00e9rdida&nbsp;una vez se verifique el da\u00f1o de estos productos.&nbsp;<\/p>\n\n\n\n<h4 class=\"wp-block-heading\">Disponibilidad<\/h4>\n\n\n\n<p>Bianqueta har\u00e1 todo lo posible por complacer a todos sus usuarios en la demanda de los productos. En caso de no disponer del producto despu\u00e9s de haberse realizado el pedido el usuario ser\u00e1 informado bien por correo electr\u00f3nico o bien por tel\u00e9fono &#8211; al tel\u00e9fono que el usuario haya registrado &#8211; del hecho, y se le dar\u00e1 a elegir entre productos similares, o bien&nbsp; devolviendo el importe cobrado del producto sin stock a precio de compra en el pedido realizado.<\/p>\n\n\n\n<p>En ese caso, la rapidez de la devoluci\u00f3n en la cuenta bancaria del cliente depender\u00e1 del tipo de tarjeta utilizada en la compra y de las condiciones de cada entidad bancaria.<\/p>\n\n\n\n<h4 class=\"wp-block-heading\">Pago<\/h4>\n\n\n\n<p>El pago de las compras se efect\u00faa por tarjeta bancaria o transferencia bancaria. Las tarjetas bancarias aceptadas son: Visa y MasterCard.<\/p>\n\n\n\n<p>En el caso de que el TPV (Terminal Punto de Venta) informara de la denegaci\u00f3n de la tarjeta, se cancelar\u00e1 autom\u00e1ticamente el pedido.<\/p>\n\n\n\n<p>Para su seguridad Bianqueta ha confiado en el sistema de pago mediante tarjeta de cr\u00e9dito a una pasarela de pagos. Los datos bancarios introducidos son encriptados y transmitidos de forma segura a los servidores de la entidad bancaria y, posteriormente, son verificados con el banco emisor para evitar posibles fraudes y abusos.<\/p>\n\n\n\n<p>Solo el Banco tiene acceso a los datos bancarios vinculados a estos medios de pago, de manera que Bianqueta no conoce ni registra estos datos durante la operaci\u00f3n de pago ni en cualquier otro momento.<\/p>\n\n\n\n<h4 class=\"wp-block-heading\">Derecho de desistimiento para la entrega de mercanc\u00edas<\/h4>\n\n\n\n<p>Tiene usted derecho a desistir del presente contrato en un plazo de 14 d\u00edas naturales sin necesidad de justificaci\u00f3n. El plazo de desistimiento expirar\u00e1 a los 14 d\u00edas naturales del d\u00eda que usted o un tercero por usted indicado, distinto del transportista, adquiri\u00f3 la posesi\u00f3n material de los bienes.<\/p>\n\n\n\n<p>Para ejercer el derecho de desistimiento, deber\u00e1 usted notificarnos:&nbsp;<\/p>\n\n\n\n<p>Aliments per la Biodiversitat, S.L (B55723167)<\/p>\n\n\n\n<p>Passeig Sunyer N\u00ba 11, 2\u00ba-2\u00ba<\/p>\n\n\n\n<p>43205, Reus &#8211; Tarragona<\/p>\n\n\n\n<p>Tel\u00e9fono: 605666050<\/p>\n\n\n\n<p>Correo electr\u00f3nico: comanda@bianqueta.com<\/p>\n\n\n\n<p>Para realizar una devoluci\u00f3n te recomendamos realizarla siguiendo estos pasos:<\/p>\n\n\n\n<p>Cada cliente puede iniciar un proceso de devoluci\u00f3n una vez nos indique el pedido a devolver (N\u00ba y fecha de pedido), los productos que se inclu\u00edan en el mismo y los datos de env\u00edo del mismo (direcci\u00f3n, tel\u00e9fono, nombre, etc).<\/p>\n\n\n\n<p>Debe indicarnos el producto o productos a devolver y el n\u00famero de unidades del producto que se quieran devolver.<\/p>\n\n\n\n<p>Bianqueta se pondr\u00e1 en contacto a la brevedad posible con el cliente para organizar la devoluci\u00f3n de su pedido.<\/p>\n\n\n\n<h4 class=\"wp-block-heading\">Consecuencias del desistimiento<\/h4>\n\n\n\n<p>En caso de desistimiento por su parte, le devolveremos todos los pagos recibidos de usted, incluidos los gastos de entrega (con la excepci\u00f3n de los gastos adicionales resultantes de la elecci\u00f3n por su parte de una modalidad de entrega diferente a la modalidad menos costosa de entrega ordinaria que ofrezcamos) sin ninguna demora indebida y, en todo caso, a m\u00e1s tardar 14 d\u00edas naturales a partir de la fecha en la que se nos informe de su decisi\u00f3n de desistir del presente contrato. Procederemos a efectuar dicho reembolso utilizando el mismo medio de pago empleado por usted para la transacci\u00f3n inicial, a no ser que haya usted dispuesto expresamente lo contrario; en todo caso, no incurrir\u00e1 en ning\u00fan gasto como consecuencia del reembolso.<\/p>\n\n\n\n<p>Podremos retener el reembolso hasta haber recibido los bienes, o hasta que usted haya presentado una prueba de la devoluci\u00f3n de los mismos, seg\u00fan qu\u00e9 condici\u00f3n se cumpla primero. Deber\u00e1 usted devolvernos o entregarnos directamente los bienes a Bianqueta, Passeig Sunyer N\u00ba 11, 2\u00ba-2\u00ba, 43205 Reus, sin ninguna demora indebida y, en cualquier caso, a m\u00e1s tardar en el plazo de 14 d\u00edas naturales a partir de la fecha en que nos comunique su decisi\u00f3n de desistimiento del contrato. Se considerar\u00e1 cumplido el plazo si efect\u00faa la devoluci\u00f3n de los bienes antes de que haya concluido dicho plazo. Deber\u00e1 usted asumir el coste directo de devoluci\u00f3n de los bienes.<\/p>\n\n\n\n<p>Solo ser\u00e1 usted responsable de la disminuci\u00f3n de valor de los bienes resultante de una manipulaci\u00f3n distinta a la necesaria para establecer la naturaleza, las caracter\u00edsticas y el funcionamiento de los bienes.<\/p>\n\n\n\n<h4 class=\"wp-block-heading\">Excepciones al derecho de desistimiento<\/h4>\n\n\n\n<p>El derecho de desistimiento no ser\u00e1 aplicable, seg\u00fan lo establecido en el Real Decreto Legislativo 1\/2007 (art\u00edculo 103), a los contratos que se refieran a:<\/p>\n\n\n\n<ul class=\"wp-block-list\"><li>El suministro de bienes o la prestaci\u00f3n de servicios cuyo precio dependa de fluctuaciones del mercado financiero que el empresario no pueda controlar y que puedan producirse durante el periodo de desistimiento.<\/li><li>El suministro de bienes precintados que no sean aptos para ser devueltos por razones de protecci\u00f3n de la salud o de higiene y que hayan sido desprecintados tras la entrega.<\/li><li>El suministro de bienes que puedan deteriorarse o caducar con rapidez.<\/li><\/ul>\n\n\n\n<h4 class=\"wp-block-heading\">Modificaci\u00f3n de las condiciones generales de venta<\/h4>\n\n\n\n<p>Bianqueta se reserva el derecho a modificar los T\u00e9rminos y Condiciones sin previo aviso, pudiendo cambiar, suprimir o a\u00f1adir tanto los contenidos y servicios que se presten a trav\u00e9s del mismo como la forma en la que estos aparezcan presentados o localizados en sus servidores.<\/p>\n\n\n\n<p>Estos cambios deber\u00e1n ser aceptados por el usuario cada vez que haga efectiva una compra a trav\u00e9s de la p\u00e1gina Bianqueta.<\/p>\n\n\n\n<p>Los usuarios de Bianqueta que no est\u00e9n conformes con las modificaciones de los T\u00e9rminos y Condiciones, deber\u00e1n notificarlo y, a partir de la fecha en la cual la nueva versi\u00f3n entrara en vigor, deber\u00e1n dejar de utilizar los servicios de Bianqueta.<\/p>\n\n\n\n<p>Si cualquier t\u00e9rmino incluido en los presentes T\u00e9rminos y Condiciones fuese declarada, total o parcialmente, nula o ineficaz, tal nulidad o ineficacia afectar\u00e1 tan solo a dicha disposici\u00f3n o a la parte de la misma que resulte nula o ineficaz, subsistiendo las condiciones generales en todo lo dem\u00e1s, teni\u00e9ndose tal disposici\u00f3n, o la parte de la misma que resultase afectada, por no puesta.<\/p>\n\n\n\n<p>Propiedad Industrial e Intelectual<\/p>\n\n\n\n<p>Todos los contenidos mostrados, las marcas y nombres comerciales, tanto de car\u00e1cter visual como de texto, mencionados en este sitio web son propiedad exclusiva de sus respectivos y leg\u00edtimos propietarios. Bianqueta.com hace un uso legal de ellos para designar los contenidos, conforme a las limitaciones del derecho de marca.<\/p>\n\n\n\n<p>Este comerciante se compromete a no permitir ninguna transacci\u00f3n que sea ilegal, o se considere por las marcas de tarjetas de cr\u00e9dito o el banco adquiriente, que pueda o tenga el potencial de da\u00f1ar la buena voluntad de los mismos o influir de manera negativa en ellos. Las siguientes actividades est\u00e1n prohibidas en virtud de los programas de las marcas de tarjetas: la venta u oferta de un producto o servicio que no sea de plena conformidad con todas las leyes aplicables al Comprador, Banco Emisor, Comerciante, Titular de la tarjeta, o tarjetas. Adem\u00e1s, las siguientes actividades tambi\u00e9n est\u00e1n prohibidas expl\u00edcitamente: \u00abVenta de bebidas alcoh\u00f3licas a menores de 18 a\u00f1os\u00bb<\/p>\n","protected":false},"excerpt":{"rendered":"<p>Condiciones de compra V\u00e1lidas para env\u00edos a la pen\u00ednsula. Para env\u00edos a Baleares. Resto de destinos consultar en comanda@bianqueta.com Pedido m\u00ednimo 45\u20ac. Gastos de gesti\u00f3n y env\u00edo 10,50 euros para pedidos de menos de 45\u20ac. Env\u00edo gratuito para compras de m\u00e1s de 45\u20ac. 5% dto. para compras de m\u00e1s de 70\u20ac. Consultar descuentos para pedidos [&hellip;]<\/p>\n","protected":false},"author":1,"featured_media":0,"parent":0,"menu_order":0,"comment_status":"closed","ping_status":"closed","template":"","meta":{"ocean_post_layout":"full-width","ocean_both_sidebars_style":"","ocean_both_sidebars_content_width":0,"ocean_both_sidebars_sidebars_width":0,"ocean_sidebar":"0","ocean_second_sidebar":"0","ocean_disable_margins":"enable","ocean_add_body_class":"","ocean_shortcode_before_top_bar":"","ocean_shortcode_after_top_bar":"","ocean_shortcode_before_header":"","ocean_shortcode_after_header":"","ocean_has_shortcode":"","ocean_shortcode_after_title":"","ocean_shortcode_before_footer_widgets":"","ocean_shortcode_after_footer_widgets":"","ocean_shortcode_before_footer_bottom":"","ocean_shortcode_after_footer_bottom":"","ocean_display_top_bar":"default","ocean_display_header":"default","ocean_header_style":"","ocean_center_header_left_menu":"0","ocean_custom_header_template":"0","ocean_custom_logo":0,"ocean_custom_retina_logo":0,"ocean_custom_logo_max_width":0,"ocean_custom_logo_tablet_max_width":0,"ocean_custom_logo_mobile_max_width":0,"ocean_custom_logo_max_height":0,"ocean_custom_logo_tablet_max_height":0,"ocean_custom_logo_mobile_max_height":0,"ocean_header_custom_menu":"0","ocean_menu_typo_font_family":"0","ocean_menu_typo_font_subset":"","ocean_menu_typo_font_size":0,"ocean_menu_typo_font_size_tablet":0,"ocean_menu_typo_font_size_mobile":0,"ocean_menu_typo_font_size_unit":"px","ocean_menu_typo_font_weight":"","ocean_menu_typo_font_weight_tablet":"","ocean_menu_typo_font_weight_mobile":"","ocean_menu_typo_transform":"","ocean_menu_typo_transform_tablet":"","ocean_menu_typo_transform_mobile":"","ocean_menu_typo_line_height":0,"ocean_menu_typo_line_height_tablet":0,"ocean_menu_typo_line_height_mobile":0,"ocean_menu_typo_line_height_unit":"","ocean_menu_typo_spacing":0,"ocean_menu_typo_spacing_tablet":0,"ocean_menu_typo_spacing_mobile":0,"ocean_menu_typo_spacing_unit":"","ocean_menu_link_color":"","ocean_menu_link_color_hover":"","ocean_menu_link_color_active":"","ocean_menu_link_background":"","ocean_menu_link_hover_background":"","ocean_menu_link_active_background":"","ocean_menu_social_links_bg":"","ocean_menu_social_hover_links_bg":"","ocean_menu_social_links_color":"","ocean_menu_social_hover_links_color":"","ocean_disable_title":"default","ocean_disable_heading":"default","ocean_post_title":"","ocean_post_subheading":"","ocean_post_title_style":"","ocean_post_title_background_color":"","ocean_post_title_background":0,"ocean_post_title_bg_image_position":"","ocean_post_title_bg_image_attachment":"","ocean_post_title_bg_image_repeat":"","ocean_post_title_bg_image_size":"","ocean_post_title_height":0,"ocean_post_title_bg_overlay":0.5,"ocean_post_title_bg_overlay_color":"","ocean_disable_breadcrumbs":"default","ocean_breadcrumbs_color":"","ocean_breadcrumbs_separator_color":"","ocean_breadcrumbs_links_color":"","ocean_breadcrumbs_links_hover_color":"","ocean_display_footer_widgets":"default","ocean_display_footer_bottom":"default","ocean_custom_footer_template":"0","footnotes":""},"class_list":["post-405","page","type-page","status-publish","hentry","entry","owp-thumbs-layout-horizontal","owp-btn-normal","owp-tabs-layout-horizontal","has-no-thumbnails"],"yoast_head":"<!-- This site is optimized with the Yoast SEO plugin v26.8 - https:\/\/yoast.com\/product\/yoast-seo-wordpress\/ -->\n<title>Condiciones de compra - Bianqueta<\/title>\n<meta name=\"robots\" content=\"index, follow, max-snippet:-1, max-image-preview:large, max-video-preview:-1\" \/>\n<link rel=\"canonical\" href=\"https:\/\/www.bianqueta.com\/es\/condiciones-de-compra\/\" \/>\n<meta property=\"og:locale\" content=\"es_ES\" \/>\n<meta property=\"og:type\" content=\"article\" \/>\n<meta property=\"og:title\" content=\"Condiciones de compra - Bianqueta\" \/>\n<meta property=\"og:description\" content=\"Condiciones de compra V\u00e1lidas para env\u00edos a la pen\u00ednsula. Para env\u00edos a Baleares. Resto de destinos consultar en comanda@bianqueta.com Pedido m\u00ednimo 45\u20ac. Gastos de gesti\u00f3n y env\u00edo 10,50 euros para pedidos de menos de 45\u20ac. Env\u00edo gratuito para compras de m\u00e1s de 45\u20ac. 5% dto. para compras de m\u00e1s de 70\u20ac. Consultar descuentos para pedidos [&hellip;]\" \/>\n<meta property=\"og:url\" content=\"https:\/\/www.bianqueta.com\/es\/condiciones-de-compra\/\" \/>\n<meta property=\"og:site_name\" content=\"Bianqueta\" \/>\n<meta property=\"article:modified_time\" content=\"2021-07-19T17:38:33+00:00\" \/>\n<meta name=\"twitter:card\" content=\"summary_large_image\" \/>\n<meta name=\"twitter:label1\" content=\"Tiempo de lectura\" \/>\n\t<meta name=\"twitter:data1\" content=\"9 minutos\" \/>\n<script type=\"application\/ld+json\" class=\"yoast-schema-graph\">{\"@context\":\"https:\/\/schema.org\",\"@graph\":[{\"@type\":\"WebPage\",\"@id\":\"https:\/\/www.bianqueta.com\/es\/condiciones-de-compra\/\",\"url\":\"https:\/\/www.bianqueta.com\/es\/condiciones-de-compra\/\",\"name\":\"Condiciones de compra - Bianqueta\",\"isPartOf\":{\"@id\":\"https:\/\/www.bianqueta.com\/#website\"},\"datePublished\":\"2021-07-16T08:00:55+00:00\",\"dateModified\":\"2021-07-19T17:38:33+00:00\",\"breadcrumb\":{\"@id\":\"https:\/\/www.bianqueta.com\/es\/condiciones-de-compra\/#breadcrumb\"},\"inLanguage\":\"es\",\"potentialAction\":[{\"@type\":\"ReadAction\",\"target\":[\"https:\/\/www.bianqueta.com\/es\/condiciones-de-compra\/\"]}]},{\"@type\":\"BreadcrumbList\",\"@id\":\"https:\/\/www.bianqueta.com\/es\/condiciones-de-compra\/#breadcrumb\",\"itemListElement\":[{\"@type\":\"ListItem\",\"position\":1,\"name\":\"Inici\",\"item\":\"https:\/\/www.bianqueta.com\/es\/\"},{\"@type\":\"ListItem\",\"position\":2,\"name\":\"Condiciones de compra\"}]},{\"@type\":\"WebSite\",\"@id\":\"https:\/\/www.bianqueta.com\/#website\",\"url\":\"https:\/\/www.bianqueta.com\/\",\"name\":\"Bianqueta\",\"description\":\"Comprar productes ecol\u00f2gics i compromesos amb la biodiversitat\",\"publisher\":{\"@id\":\"https:\/\/www.bianqueta.com\/#organization\"},\"potentialAction\":[{\"@type\":\"SearchAction\",\"target\":{\"@type\":\"EntryPoint\",\"urlTemplate\":\"https:\/\/www.bianqueta.com\/?s={search_term_string}\"},\"query-input\":{\"@type\":\"PropertyValueSpecification\",\"valueRequired\":true,\"valueName\":\"search_term_string\"}}],\"inLanguage\":\"es\"},{\"@type\":\"Organization\",\"@id\":\"https:\/\/www.bianqueta.com\/#organization\",\"name\":\"Bianqueta - Aliments par la biodiversitat, S.L.\",\"url\":\"https:\/\/www.bianqueta.com\/\",\"logo\":{\"@type\":\"ImageObject\",\"inLanguage\":\"es\",\"@id\":\"https:\/\/www.bianqueta.com\/#\/schema\/logo\/image\/\",\"url\":\"https:\/\/www.bianqueta.com\/wp-content\/uploads\/2021\/06\/bianqueta-retina.png\",\"contentUrl\":\"https:\/\/www.bianqueta.com\/wp-content\/uploads\/2021\/06\/bianqueta-retina.png\",\"width\":350,\"height\":70,\"caption\":\"Bianqueta - Aliments par la biodiversitat, S.L.\"},\"image\":{\"@id\":\"https:\/\/www.bianqueta.com\/#\/schema\/logo\/image\/\"}}]}<\/script>\n<!-- \/ Yoast SEO plugin. -->","yoast_head_json":{"title":"Condiciones de compra - Bianqueta","robots":{"index":"index","follow":"follow","max-snippet":"max-snippet:-1","max-image-preview":"max-image-preview:large","max-video-preview":"max-video-preview:-1"},"canonical":"https:\/\/www.bianqueta.com\/es\/condiciones-de-compra\/","og_locale":"es_ES","og_type":"article","og_title":"Condiciones de compra - Bianqueta","og_description":"Condiciones de compra V\u00e1lidas para env\u00edos a la pen\u00ednsula. Para env\u00edos a Baleares. Resto de destinos consultar en comanda@bianqueta.com Pedido m\u00ednimo 45\u20ac. Gastos de gesti\u00f3n y env\u00edo 10,50 euros para pedidos de menos de 45\u20ac. Env\u00edo gratuito para compras de m\u00e1s de 45\u20ac. 5% dto. para compras de m\u00e1s de 70\u20ac. Consultar descuentos para pedidos [&hellip;]","og_url":"https:\/\/www.bianqueta.com\/es\/condiciones-de-compra\/","og_site_name":"Bianqueta","article_modified_time":"2021-07-19T17:38:33+00:00","twitter_card":"summary_large_image","twitter_misc":{"Tiempo de lectura":"9 minutos"},"schema":{"@context":"https:\/\/schema.org","@graph":[{"@type":"WebPage","@id":"https:\/\/www.bianqueta.com\/es\/condiciones-de-compra\/","url":"https:\/\/www.bianqueta.com\/es\/condiciones-de-compra\/","name":"Condiciones de compra - Bianqueta","isPartOf":{"@id":"https:\/\/www.bianqueta.com\/#website"},"datePublished":"2021-07-16T08:00:55+00:00","dateModified":"2021-07-19T17:38:33+00:00","breadcrumb":{"@id":"https:\/\/www.bianqueta.com\/es\/condiciones-de-compra\/#breadcrumb"},"inLanguage":"es","potentialAction":[{"@type":"ReadAction","target":["https:\/\/www.bianqueta.com\/es\/condiciones-de-compra\/"]}]},{"@type":"BreadcrumbList","@id":"https:\/\/www.bianqueta.com\/es\/condiciones-de-compra\/#breadcrumb","itemListElement":[{"@type":"ListItem","position":1,"name":"Inici","item":"https:\/\/www.bianqueta.com\/es\/"},{"@type":"ListItem","position":2,"name":"Condiciones de compra"}]},{"@type":"WebSite","@id":"https:\/\/www.bianqueta.com\/#website","url":"https:\/\/www.bianqueta.com\/","name":"Bianqueta","description":"Comprar productes ecol\u00f2gics i compromesos amb la biodiversitat","publisher":{"@id":"https:\/\/www.bianqueta.com\/#organization"},"potentialAction":[{"@type":"SearchAction","target":{"@type":"EntryPoint","urlTemplate":"https:\/\/www.bianqueta.com\/?s={search_term_string}"},"query-input":{"@type":"PropertyValueSpecification","valueRequired":true,"valueName":"search_term_string"}}],"inLanguage":"es"},{"@type":"Organization","@id":"https:\/\/www.bianqueta.com\/#organization","name":"Bianqueta - Aliments par la biodiversitat, S.L.","url":"https:\/\/www.bianqueta.com\/","logo":{"@type":"ImageObject","inLanguage":"es","@id":"https:\/\/www.bianqueta.com\/#\/schema\/logo\/image\/","url":"https:\/\/www.bianqueta.com\/wp-content\/uploads\/2021\/06\/bianqueta-retina.png","contentUrl":"https:\/\/www.bianqueta.com\/wp-content\/uploads\/2021\/06\/bianqueta-retina.png","width":350,"height":70,"caption":"Bianqueta - Aliments par la biodiversitat, S.L."},"image":{"@id":"https:\/\/www.bianqueta.com\/#\/schema\/logo\/image\/"}}]}},"_links":{"self":[{"href":"https:\/\/www.bianqueta.com\/es\/wp-json\/wp\/v2\/pages\/405","targetHints":{"allow":["GET"]}}],"collection":[{"href":"https:\/\/www.bianqueta.com\/es\/wp-json\/wp\/v2\/pages"}],"about":[{"href":"https:\/\/www.bianqueta.com\/es\/wp-json\/wp\/v2\/types\/page"}],"author":[{"embeddable":true,"href":"https:\/\/www.bianqueta.com\/es\/wp-json\/wp\/v2\/users\/1"}],"replies":[{"embeddable":true,"href":"https:\/\/www.bianqueta.com\/es\/wp-json\/wp\/v2\/comments?post=405"}],"version-history":[{"count":2,"href":"https:\/\/www.bianqueta.com\/es\/wp-json\/wp\/v2\/pages\/405\/revisions"}],"predecessor-version":[{"id":469,"href":"https:\/\/www.bianqueta.com\/es\/wp-json\/wp\/v2\/pages\/405\/revisions\/469"}],"wp:attachment":[{"href":"https:\/\/www.bianqueta.com\/es\/wp-json\/wp\/v2\/media?parent=405"}],"curies":[{"name":"wp","href":"https:\/\/api.w.org\/{rel}","templated":true}]}}